{"id":64,"date":"2018-06-24T19:31:22","date_gmt":"2018-06-24T19:31:22","guid":{"rendered":"http:\/\/ferndal.de\/band-info\/?page_id=64"},"modified":"2026-02-24T12:34:57","modified_gmt":"2026-02-24T12:34:57","slug":"past-shows","status":"publish","type":"page","link":"https:\/\/ferndal.de\/band-info\/live\/past-shows\/","title":{"rendered":"Past Shows"},"content":{"rendered":"\n<figure class=\"wp-block-image\"><a href=\"http:\/\/ferndal.de\/metal-nacht-im-sputnik-muenster\/\"><img loading=\"lazy\" decoding=\"async\" width=\"1024\" height=\"576\" src=\"http:\/\/ferndal.de\/wp-content\/uploads\/2018\/06\/IMG-20170424-WA0004-1024x576.jpg\" alt=\"\" class=\"wp-image-137\" srcset=\"https:\/\/ferndal.de\/wp-content\/uploads\/2018\/06\/IMG-20170424-WA0004-1024x576.jpg 1024w, https:\/\/ferndal.de\/wp-content\/uploads\/2018\/06\/IMG-20170424-WA0004-300x169.jpg 300w, https:\/\/ferndal.de\/wp-content\/uploads\/2018\/06\/IMG-20170424-WA0004-768x432.jpg 768w, https:\/\/ferndal.de\/wp-content\/uploads\/2018\/06\/IMG-20170424-WA0004-375x211.jpg 375w, https:\/\/ferndal.de\/wp-content\/uploads\/2018\/06\/IMG-20170424-WA0004-676x380.jpg 676w, https:\/\/ferndal.de\/wp-content\/uploads\/2018\/06\/IMG-20170424-WA0004.jpg 1280w\" sizes=\"auto, (max-width: 1024px) 100vw, 1024px\" \/><\/a><\/figure>\n\n\n\n<p class=\"has-light-gray-color has-text-color\"><a href=\"http:\/\/ferndal.de\/metal-nacht-im-sputnik-muenster\/\">24. Februar 2017: M\u00fcnster, Caf\u00e9 Sputnik<\/a><\/p>\n\n\n\n<p class=\"has-light-gray-color has-text-color\"><a href=\"http:\/\/ferndal.de\/fjoergyn-luziferes-album-release-show\/\"> 25. Februar 2017: Erfurt, From Hell<\/a><\/p>\n\n\n\n<p class=\"has-light-gray-color has-text-color\"><a href=\"http:\/\/ferndal.de\/rr2017\/\"> 21. April: Lichtenfels, Ragnar\u00f6k Festival<\/a><\/p>\n\n\n\n<p class=\"has-light-gray-color has-text-color\"><a href=\"http:\/\/ferndal.de\/black-metal-garage\/\"> 26. Mai 2017: M\u00fcnchen, Garage<\/a><\/p>\n\n\n\n<p class=\"has-light-gray-color has-text-color\"><a href=\"http:\/\/ferndal.de\/darktroll-festival-2017\/\"> 20. Mai 2017: Bornstedt, Darktroll Festival<\/a><\/p>\n\n\n\n<p class=\"has-light-gray-color has-text-color\"><a href=\"http:\/\/ferndal.de\/band-info\/runennacht-im-muggefugg-20-10-2017\/\"> 20. Oktober 2017: Cottbus, Muggefug<\/a><\/p>\n\n\n\n<p class=\"has-light-gray-color has-text-color\"><a href=\"http:\/\/ferndal.de\/rosenkeller-jena-mit-fjoergyn-und-schattenfang-10-11-2017\/\"> 10. November: Jena, Rosenkeller<\/a><\/p>\n\n\n\n<p class=\"has-light-gray-color has-text-color\"><a href=\"http:\/\/ferndal.de\/fjoergyn-kambrium-ferndal-in-wolfenbuettel\/\">11. November 2017: Wolfenb\u00fcttel, Kuba Halle<\/a><\/p>\n\n\n\n<p class=\"has-light-gray-color has-text-color\"><a href=\"http:\/\/ferndal.de\/band-info\/unaussprechliche-culthe-helrunar-sun-of-the-sleepless-ferndal\/\">12. Mai 2018: M\u00fcnster, Sputnik-Halle<\/a><\/p>\n\n\n\n<p class=\"has-light-gray-color has-text-color\"><a href=\"https:\/\/ferndal.de\/rock-for-roots-xv-1-9-2018\/\">1. September 2018: Nauen (bei Berlin), Rock for Roots Festival<\/a><\/p>\n\n\n\n<p class=\"has-light-gray-color has-text-color\"><span style=\"color: #999999;\">8. September 2018: Onsnabr\u00fcck, Ostbunker<\/span><\/p>\n\n\n\n<p class=\"has-light-gray-color has-text-color\"><a href=\"http:\/\/ferndal.de\/band-info\/ferndal-gateway-to-selfdestruction-antimensch-15-december-2018\/\">15. Dezember 2018: Cottbus, Muggefug<\/a><\/p>\n\n\n\n<p class=\"has-light-gray-color has-text-color\"><a href=\"https:\/\/www.facebook.com\/events\/270012206979398\/?active_tab=about\">21. Dezember 2018: Magdeburg, Baracke<\/a><\/p>\n\n\n\n<p class=\"has-light-gray-color has-text-color\"><a href=\"https:\/\/www.facebook.com\/events\/1833586850278424\/\">21. Feburar 2019: K\u00f6ln, MTC<\/a><\/p>\n\n\n\n<p class=\"has-light-gray-color has-text-color\"><a href=\"https:\/\/www.facebook.com\/events\/1223412491141136\/\">30. M\u00e4rz 2019: Berlin, Jugendfunkhaus<\/a><\/p>\n\n\n\n<p class=\"has-light-gray-color has-text-color\">21. April 2019: Neustadt an der Orla, Death Rages On! Festival<\/p>\n\n\n\n<p class=\"has-light-gray-color has-text-color\">14. Februar 2020: Frauensee, Frostfeuern\u00e4chte<\/p>\n\n\n\n<p class=\"has-light-gray-color has-text-color\">21. Februar 2020: Erfurt, From Hell<\/p>\n\n\n\n<p class=\"has-light-gray-color has-text-color\"><a href=\"https:\/\/ferndal.de\/band-info\/back-on-stage-2021\/\">16. Juli 2021: Limburg, Mahlstrom Open Air<\/a><\/p>\n\n\n\n<p>9. Oktober 2021: Glauchau, Alte Spinnerei<\/p>\n\n\n\n<p class=\"has-light-gray-color has-text-color\">22.\/23. April 2022: Lichtenfels, Ragnar\u00f6k Festival<\/p>\n\n\n\n<p>7. Juni 2025: Bonn, RPZ<\/p>\n\n\n\n<p>13. Juni 2025: Mahlstrom Open Air<\/p>\n\n\n\n<p>2. Februar 2026: Valencia, Sognefjord Orange Fest<\/p>\n\n\n\n<p><\/p>\n","protected":false},"excerpt":{"rendered":"<p>24. Februar 2017: M\u00fcnster, Caf\u00e9 Sputnik 25. Februar 2017: Erfurt, From Hell 21. April: Lichtenfels, Ragnar\u00f6k Festival 26. Mai 2017: M\u00fcnchen, Garage 20. Mai 2017: Bornstedt, Darktroll Festival 20. Oktober 2017: Cottbus, Muggefug 10. November: Jena, Rosenkeller 11. November 2017: Wolfenb\u00fcttel, Kuba Halle 12. Mai 2018: M\u00fcnster, Sputnik-Halle 1. September 2018: Nauen (bei Berlin), Rock [&hellip;]<\/p>\n","protected":false},"author":1,"featured_media":0,"parent":17,"menu_order":0,"comment_status":"closed","ping_status":"closed","template":"","meta":{"footnotes":""},"class_list":["post-64","page","type-page","status-publish","hentry","post-preview"],"yoast_head":"<!-- This site is optimized with the Yoast SEO plugin v27.1.1 - https:\/\/yoast.com\/product\/yoast-seo-wordpress\/ -->\n<title>Past Shows - Ferndal<\/title>\n<meta name=\"robots\" content=\"index, follow, max-snippet:-1, max-image-preview:large, max-video-preview:-1\" \/>\n<link rel=\"canonical\" href=\"https:\/\/ferndal.de\/band-info\/live\/past-shows\/\" \/>\n<meta property=\"og:locale\" content=\"de_DE\" \/>\n<meta property=\"og:type\" content=\"article\" \/>\n<meta property=\"og:title\" content=\"Past Shows - Ferndal\" \/>\n<meta property=\"og:description\" content=\"24. Februar 2017: M\u00fcnster, Caf\u00e9 Sputnik 25. Februar 2017: Erfurt, From Hell 21. April: Lichtenfels, Ragnar\u00f6k Festival 26. Mai 2017: M\u00fcnchen, Garage 20. Mai 2017: Bornstedt, Darktroll Festival 20. Oktober 2017: Cottbus, Muggefug 10. November: Jena, Rosenkeller 11. November 2017: Wolfenb\u00fcttel, Kuba Halle 12. Mai 2018: M\u00fcnster, Sputnik-Halle 1. September 2018: Nauen (bei Berlin), Rock [&hellip;]\" \/>\n<meta property=\"og:url\" content=\"https:\/\/ferndal.de\/band-info\/live\/past-shows\/\" \/>\n<meta property=\"og:site_name\" content=\"Ferndal\" \/>\n<meta property=\"article:modified_time\" content=\"2026-02-24T12:34:57+00:00\" \/>\n<meta property=\"og:image\" content=\"https:\/\/ferndal.de\/wp-content\/uploads\/2018\/06\/IMG-20170424-WA0004.jpg\" \/>\n\t<meta property=\"og:image:width\" content=\"1280\" \/>\n\t<meta property=\"og:image:height\" content=\"720\" \/>\n\t<meta property=\"og:image:type\" content=\"image\/jpeg\" \/>\n<meta name=\"twitter:card\" content=\"summary_large_image\" \/>\n<meta name=\"twitter:label1\" content=\"Gesch\u00e4tzte Lesezeit\" \/>\n\t<meta name=\"twitter:data1\" content=\"1\u00a0Minute\" \/>\n<script type=\"application\/ld+json\" class=\"yoast-schema-graph\">{\"@context\":\"https:\/\/schema.org\",\"@graph\":[{\"@type\":\"WebPage\",\"@id\":\"https:\/\/ferndal.de\/band-info\/live\/past-shows\/\",\"url\":\"https:\/\/ferndal.de\/band-info\/live\/past-shows\/\",\"name\":\"Past Shows - Ferndal\",\"isPartOf\":{\"@id\":\"https:\/\/ferndal.de\/band-info\/#website\"},\"primaryImageOfPage\":{\"@id\":\"https:\/\/ferndal.de\/band-info\/live\/past-shows\/#primaryimage\"},\"image\":{\"@id\":\"https:\/\/ferndal.de\/band-info\/live\/past-shows\/#primaryimage\"},\"thumbnailUrl\":\"http:\/\/ferndal.de\/wp-content\/uploads\/2018\/06\/IMG-20170424-WA0004-1024x576.jpg\",\"datePublished\":\"2018-06-24T19:31:22+00:00\",\"dateModified\":\"2026-02-24T12:34:57+00:00\",\"breadcrumb\":{\"@id\":\"https:\/\/ferndal.de\/band-info\/live\/past-shows\/#breadcrumb\"},\"inLanguage\":\"de\",\"potentialAction\":[{\"@type\":\"ReadAction\",\"target\":[\"https:\/\/ferndal.de\/band-info\/live\/past-shows\/\"]}]},{\"@type\":\"ImageObject\",\"inLanguage\":\"de\",\"@id\":\"https:\/\/ferndal.de\/band-info\/live\/past-shows\/#primaryimage\",\"url\":\"http:\/\/ferndal.de\/wp-content\/uploads\/2018\/06\/IMG-20170424-WA0004-1024x576.jpg\",\"contentUrl\":\"http:\/\/ferndal.de\/wp-content\/uploads\/2018\/06\/IMG-20170424-WA0004-1024x576.jpg\"},{\"@type\":\"BreadcrumbList\",\"@id\":\"https:\/\/ferndal.de\/band-info\/live\/past-shows\/#breadcrumb\",\"itemListElement\":[{\"@type\":\"ListItem\",\"position\":1,\"name\":\"Startseite\",\"item\":\"https:\/\/ferndal.de\/band-info\/\"},{\"@type\":\"ListItem\",\"position\":2,\"name\":\"Live\",\"item\":\"https:\/\/ferndal.de\/band-info\/live\/\"},{\"@type\":\"ListItem\",\"position\":3,\"name\":\"Past Shows\"}]},{\"@type\":\"WebSite\",\"@id\":\"https:\/\/ferndal.de\/band-info\/#website\",\"url\":\"https:\/\/ferndal.de\/band-info\/\",\"name\":\"Ferndal\",\"description\":\"Presence of the band Ferndal\",\"potentialAction\":[{\"@type\":\"SearchAction\",\"target\":{\"@type\":\"EntryPoint\",\"urlTemplate\":\"https:\/\/ferndal.de\/band-info\/?s={search_term_string}\"},\"query-input\":{\"@type\":\"PropertyValueSpecification\",\"valueRequired\":true,\"valueName\":\"search_term_string\"}}],\"inLanguage\":\"de\"}]}<\/script>\n<!-- \/ Yoast SEO plugin. -->","yoast_head_json":{"title":"Past Shows - Ferndal","robots":{"index":"index","follow":"follow","max-snippet":"max-snippet:-1","max-image-preview":"max-image-preview:large","max-video-preview":"max-video-preview:-1"},"canonical":"https:\/\/ferndal.de\/band-info\/live\/past-shows\/","og_locale":"de_DE","og_type":"article","og_title":"Past Shows - Ferndal","og_description":"24. Februar 2017: M\u00fcnster, Caf\u00e9 Sputnik 25. Februar 2017: Erfurt, From Hell 21. April: Lichtenfels, Ragnar\u00f6k Festival 26. Mai 2017: M\u00fcnchen, Garage 20. Mai 2017: Bornstedt, Darktroll Festival 20. Oktober 2017: Cottbus, Muggefug 10. November: Jena, Rosenkeller 11. November 2017: Wolfenb\u00fcttel, Kuba Halle 12. Mai 2018: M\u00fcnster, Sputnik-Halle 1. September 2018: Nauen (bei Berlin), Rock [&hellip;]","og_url":"https:\/\/ferndal.de\/band-info\/live\/past-shows\/","og_site_name":"Ferndal","article_modified_time":"2026-02-24T12:34:57+00:00","og_image":[{"width":1280,"height":720,"url":"https:\/\/ferndal.de\/wp-content\/uploads\/2018\/06\/IMG-20170424-WA0004.jpg","type":"image\/jpeg"}],"twitter_card":"summary_large_image","twitter_misc":{"Gesch\u00e4tzte Lesezeit":"1\u00a0Minute"},"schema":{"@context":"https:\/\/schema.org","@graph":[{"@type":"WebPage","@id":"https:\/\/ferndal.de\/band-info\/live\/past-shows\/","url":"https:\/\/ferndal.de\/band-info\/live\/past-shows\/","name":"Past Shows - Ferndal","isPartOf":{"@id":"https:\/\/ferndal.de\/band-info\/#website"},"primaryImageOfPage":{"@id":"https:\/\/ferndal.de\/band-info\/live\/past-shows\/#primaryimage"},"image":{"@id":"https:\/\/ferndal.de\/band-info\/live\/past-shows\/#primaryimage"},"thumbnailUrl":"http:\/\/ferndal.de\/wp-content\/uploads\/2018\/06\/IMG-20170424-WA0004-1024x576.jpg","datePublished":"2018-06-24T19:31:22+00:00","dateModified":"2026-02-24T12:34:57+00:00","breadcrumb":{"@id":"https:\/\/ferndal.de\/band-info\/live\/past-shows\/#breadcrumb"},"inLanguage":"de","potentialAction":[{"@type":"ReadAction","target":["https:\/\/ferndal.de\/band-info\/live\/past-shows\/"]}]},{"@type":"ImageObject","inLanguage":"de","@id":"https:\/\/ferndal.de\/band-info\/live\/past-shows\/#primaryimage","url":"http:\/\/ferndal.de\/wp-content\/uploads\/2018\/06\/IMG-20170424-WA0004-1024x576.jpg","contentUrl":"http:\/\/ferndal.de\/wp-content\/uploads\/2018\/06\/IMG-20170424-WA0004-1024x576.jpg"},{"@type":"BreadcrumbList","@id":"https:\/\/ferndal.de\/band-info\/live\/past-shows\/#breadcrumb","itemListElement":[{"@type":"ListItem","position":1,"name":"Startseite","item":"https:\/\/ferndal.de\/band-info\/"},{"@type":"ListItem","position":2,"name":"Live","item":"https:\/\/ferndal.de\/band-info\/live\/"},{"@type":"ListItem","position":3,"name":"Past Shows"}]},{"@type":"WebSite","@id":"https:\/\/ferndal.de\/band-info\/#website","url":"https:\/\/ferndal.de\/band-info\/","name":"Ferndal","description":"Presence of the band Ferndal","potentialAction":[{"@type":"SearchAction","target":{"@type":"EntryPoint","urlTemplate":"https:\/\/ferndal.de\/band-info\/?s={search_term_string}"},"query-input":{"@type":"PropertyValueSpecification","valueRequired":true,"valueName":"search_term_string"}}],"inLanguage":"de"}]}},"_links":{"self":[{"href":"https:\/\/ferndal.de\/band-info\/wp-json\/wp\/v2\/pages\/64","targetHints":{"allow":["GET"]}}],"collection":[{"href":"https:\/\/ferndal.de\/band-info\/wp-json\/wp\/v2\/pages"}],"about":[{"href":"https:\/\/ferndal.de\/band-info\/wp-json\/wp\/v2\/types\/page"}],"author":[{"embeddable":true,"href":"https:\/\/ferndal.de\/band-info\/wp-json\/wp\/v2\/users\/1"}],"replies":[{"embeddable":true,"href":"https:\/\/ferndal.de\/band-info\/wp-json\/wp\/v2\/comments?post=64"}],"version-history":[{"count":19,"href":"https:\/\/ferndal.de\/band-info\/wp-json\/wp\/v2\/pages\/64\/revisions"}],"predecessor-version":[{"id":388,"href":"https:\/\/ferndal.de\/band-info\/wp-json\/wp\/v2\/pages\/64\/revisions\/388"}],"up":[{"embeddable":true,"href":"https:\/\/ferndal.de\/band-info\/wp-json\/wp\/v2\/pages\/17"}],"wp:attachment":[{"href":"https:\/\/ferndal.de\/band-info\/wp-json\/wp\/v2\/media?parent=64"}],"curies":[{"name":"wp","href":"https:\/\/api.w.org\/{rel}","templated":true}]}}